{"id":52429,"date":"2024-12-21T11:09:30","date_gmt":"2024-12-21T11:09:30","guid":{"rendered":"https:\/\/neoergoxeiro.gr\/?product=%ce%ba%ce%bb%ce%b5%ce%af%cf%83%ce%b9%ce%bc%ce%bf-%cf%84%cf%83%ce%ac%ce%bd%cf%84%ce%b1%cf%82-fiona"},"modified":"2025-10-12T13:38:18","modified_gmt":"2025-10-12T11:38:18","slug":"%ce%ba%ce%bb%ce%b5%ce%af%cf%83%ce%b9%ce%bc%ce%bf-%cf%84%cf%83%ce%ac%ce%bd%cf%84%ce%b1%cf%82-fiona","status":"publish","type":"product","link":"https:\/\/neoergoxeiro.gr\/it\/prodotto\/%ce%ba%ce%bb%ce%b5%ce%af%cf%83%ce%b9%ce%bc%ce%bf-%cf%84%cf%83%ce%ac%ce%bd%cf%84%ce%b1%cf%82-fiona\/","title":{"rendered":"Chiusura della borsa Fiona"},"content":{"rendered":"<p>La chiusura per borse Fiona \u00e8 un accessorio indispensabile per ogni amante del cucito! Questa pratica chiusura offre stile e funzionalit\u00e0. Realizzata con materiali resistenti, la chiusura Fiona garantisce la sicurezza dei vostri effetti personali e aggiunge un tocco di unicit\u00e0 alla vostra borsa. \u00c8 facile da usare e offre una chiusura confortevole. Aggiornate il vostro stile con questo accessorio estremamente utile ed elegante! <\/p>\n<p>**Caratteristiche:**<br \/>\n- Costruzione resistente<br \/>\n- Facile da usare<br \/>\n- Design moderno<\/p>\n<p>**Benefici:**<br \/>\n- Conservazione sicura dei vostri oggetti<br \/>\n- Aggiunge stile e unicit\u00e0 alla borsa<\/p>\n<p>Scoprite il mondo della sartoria con la chiusura della borsa Fiona ed elevate il vostro stile e la vostra organizzazione con questo fantastico accessorio!<\/p>","protected":false},"excerpt":{"rendered":"<p>La chiusura per borse Fiona \u00e8 l'accessorio perfetto per ogni amante del cucito! Fissa con stile la vostra borsa, aggiungendo un tocco di unicit\u00e0 e funzionalit\u00e0. Facile da usare e resistente, mantiene i vostri oggetti personali al sicuro e organizzati.<\/p>","protected":false},"featured_media":52430,"template":"","meta":[],"product_brand":[],"product_cat":[106],"product_tag":[],"class_list":{"0":"post-52429","1":"product","2":"type-product","3":"status-publish","4":"has-post-thumbnail","6":"product_cat-aksesouartsantas","8":"first","9":"instock","10":"taxable","11":"shipping-taxable","12":"purchasable","13":"product-type-simple"},"_links":{"self":[{"href":"https:\/\/neoergoxeiro.gr\/it\/wp-json\/wp\/v2\/product\/52429","targetHints":{"allow":["GET"]}}],"collection":[{"href":"https:\/\/neoergoxeiro.gr\/it\/wp-json\/wp\/v2\/product"}],"about":[{"href":"https:\/\/neoergoxeiro.gr\/it\/wp-json\/wp\/v2\/types\/product"}],"version-history":[{"count":1,"href":"https:\/\/neoergoxeiro.gr\/it\/wp-json\/wp\/v2\/product\/52429\/revisions"}],"predecessor-version":[{"id":62310,"href":"https:\/\/neoergoxeiro.gr\/it\/wp-json\/wp\/v2\/product\/52429\/revisions\/62310"}],"wp:featuredmedia":[{"embeddable":true,"href":"https:\/\/neoergoxeiro.gr\/it\/wp-json\/wp\/v2\/media\/52430"}],"wp:attachment":[{"href":"https:\/\/neoergoxeiro.gr\/it\/wp-json\/wp\/v2\/media?parent=52429"}],"wp:term":[{"taxonomy":"product_brand","embeddable":true,"href":"https:\/\/neoergoxeiro.gr\/it\/wp-json\/wp\/v2\/product_brand?post=52429"},{"taxonomy":"product_cat","embeddable":true,"href":"https:\/\/neoergoxeiro.gr\/it\/wp-json\/wp\/v2\/product_cat?post=52429"},{"taxonomy":"product_tag","embeddable":true,"href":"https:\/\/neoergoxeiro.gr\/it\/wp-json\/wp\/v2\/product_tag?post=52429"}],"curies":[{"name":"wp","href":"https:\/\/api.w.org\/{rel}","templated":true}]}}