{"id":52439,"date":"2024-12-21T11:21:48","date_gmt":"2024-12-21T11:21:48","guid":{"rendered":"https:\/\/neoergoxeiro.gr\/?product=%ce%ba%ce%bb%ce%b5%ce%af%cf%83%ce%b9%ce%bc%ce%bf-%cf%84%cf%83%ce%ac%ce%bd%cf%84%ce%b1%cf%82-alegra"},"modified":"2025-10-12T13:38:17","modified_gmt":"2025-10-12T11:38:17","slug":"%ce%ba%ce%bb%ce%b5%ce%af%cf%83%ce%b9%ce%bc%ce%bf-%cf%84%cf%83%ce%ac%ce%bd%cf%84%ce%b1%cf%82-alegra","status":"publish","type":"product","link":"https:\/\/neoergoxeiro.gr\/it\/prodotto\/%ce%ba%ce%bb%ce%b5%ce%af%cf%83%ce%b9%ce%bc%ce%bf-%cf%84%cf%83%ce%ac%ce%bd%cf%84%ce%b1%cf%82-alegra\/","title":{"rendered":"Chiusura della borsa Alegra"},"content":{"rendered":"<p>La chiusura per borse Alegra \u00e8 un accessorio che non pu\u00f2 mancare nella vostra collezione. Realizzata in materiali resistenti, offre una chiusura sicura e facile alle vostre borse. Questa chiusura per borse \u00e8 la soluzione perfetta per dare un aspetto rifinito alle vostre creazioni. Con la chiusura per borse Alegra, potete essere certi che la vostra borsa rimarr\u00e0 chiusa e protetta. \u00c8 un'ottima aggiunta a qualsiasi borsa o progetto di cucito. Scoprite la comodit\u00e0 e la funzionalit\u00e0 della chiusura per borse Alegra e realizzate creazioni uniche con stile.<\/p>","protected":false},"excerpt":{"rendered":"<p>La chiusura per borse Alegra \u00e8 l'accessorio perfetto per le vostre creazioni creative. Garantisce una chiusura sicura e facile delle vostre borse, offrendo una soluzione elegante. Realizzata con materiali di alta qualit\u00e0, la chiusura per borse Alegra \u00e8 la scelta perfetta per qualsiasi creazione di alta moda.<\/p>","protected":false},"featured_media":52440,"template":"","meta":[],"product_brand":[],"product_cat":[106],"product_tag":[],"class_list":{"0":"post-52439","1":"product","2":"type-product","3":"status-publish","4":"has-post-thumbnail","6":"product_cat-aksesouartsantas","8":"first","9":"instock","10":"taxable","11":"shipping-taxable","12":"purchasable","13":"product-type-simple"},"_links":{"self":[{"href":"https:\/\/neoergoxeiro.gr\/it\/wp-json\/wp\/v2\/product\/52439","targetHints":{"allow":["GET"]}}],"collection":[{"href":"https:\/\/neoergoxeiro.gr\/it\/wp-json\/wp\/v2\/product"}],"about":[{"href":"https:\/\/neoergoxeiro.gr\/it\/wp-json\/wp\/v2\/types\/product"}],"version-history":[{"count":1,"href":"https:\/\/neoergoxeiro.gr\/it\/wp-json\/wp\/v2\/product\/52439\/revisions"}],"predecessor-version":[{"id":62315,"href":"https:\/\/neoergoxeiro.gr\/it\/wp-json\/wp\/v2\/product\/52439\/revisions\/62315"}],"wp:featuredmedia":[{"embeddable":true,"href":"https:\/\/neoergoxeiro.gr\/it\/wp-json\/wp\/v2\/media\/52440"}],"wp:attachment":[{"href":"https:\/\/neoergoxeiro.gr\/it\/wp-json\/wp\/v2\/media?parent=52439"}],"wp:term":[{"taxonomy":"product_brand","embeddable":true,"href":"https:\/\/neoergoxeiro.gr\/it\/wp-json\/wp\/v2\/product_brand?post=52439"},{"taxonomy":"product_cat","embeddable":true,"href":"https:\/\/neoergoxeiro.gr\/it\/wp-json\/wp\/v2\/product_cat?post=52439"},{"taxonomy":"product_tag","embeddable":true,"href":"https:\/\/neoergoxeiro.gr\/it\/wp-json\/wp\/v2\/product_tag?post=52439"}],"curies":[{"name":"wp","href":"https:\/\/api.w.org\/{rel}","templated":true}]}}