{"id":52445,"date":"2024-12-21T11:34:50","date_gmt":"2024-12-21T11:34:50","guid":{"rendered":"https:\/\/neoergoxeiro.gr\/?product=%ce%ba%ce%bb%ce%b5%ce%af%cf%83%ce%b9%ce%bc%ce%bf-%cf%84%cf%83%ce%ac%ce%bd%cf%84%ce%b1%cf%82-%cf%84%ce%b6%ce%bf%cf%8d%ce%bb%ce%b9%ce%b1"},"modified":"2025-10-12T13:38:17","modified_gmt":"2025-10-12T11:38:17","slug":"%ce%ba%ce%bb%ce%b5%ce%af%cf%83%ce%b9%ce%bc%ce%bf-%cf%84%cf%83%ce%ac%ce%bd%cf%84%ce%b1%cf%82-%cf%84%ce%b6%ce%bf%cf%8d%ce%bb%ce%b9%ce%b1","status":"publish","type":"product","link":"https:\/\/neoergoxeiro.gr\/it\/prodotto\/%ce%ba%ce%bb%ce%b5%ce%af%cf%83%ce%b9%ce%bc%ce%bf-%cf%84%cf%83%ce%ac%ce%bd%cf%84%ce%b1%cf%82-%cf%84%ce%b6%ce%bf%cf%8d%ce%bb%ce%b9%ce%b1\/","title":{"rendered":"Chiusura della borsa Julia"},"content":{"rendered":"<p>La chiusura della borsa Julia \u00e8 l'aggiunta perfetta a qualsiasi borsa. Questo pratico accessorio consente di tenere al sicuro e organizzare i propri oggetti personali. Realizzata con materiali resistenti e di alta qualit\u00e0, la chiusura per borsa Julia \u00e8 progettata per resistere all'uso quotidiano. Chiude la borsa in modo facile e veloce, offrendo comodit\u00e0 e sicurezza. Acquistate oggi stesso la chiusura per borsa Julia e godetevi una vita quotidiana pi\u00f9 organizzata.<\/p>","protected":false},"excerpt":{"rendered":"<p>La chiusura della borsa Julia \u00e8 il modo ideale per mantenere la borsa organizzata e sicura. Un modo semplice e veloce per tenere i vostri oggetti personali fuori dalla vista di occhi indiscreti. Realizzata con materiali di alta qualit\u00e0, la chiusura per borsa Julia \u00e8 resistente ed elegante.<\/p>","protected":false},"featured_media":52446,"template":"","meta":[],"product_brand":[],"product_cat":[106],"product_tag":[],"class_list":{"0":"post-52445","1":"product","2":"type-product","3":"status-publish","4":"has-post-thumbnail","6":"product_cat-aksesouartsantas","8":"first","9":"instock","10":"taxable","11":"shipping-taxable","12":"purchasable","13":"product-type-simple"},"_links":{"self":[{"href":"https:\/\/neoergoxeiro.gr\/it\/wp-json\/wp\/v2\/product\/52445","targetHints":{"allow":["GET"]}}],"collection":[{"href":"https:\/\/neoergoxeiro.gr\/it\/wp-json\/wp\/v2\/product"}],"about":[{"href":"https:\/\/neoergoxeiro.gr\/it\/wp-json\/wp\/v2\/types\/product"}],"version-history":[{"count":1,"href":"https:\/\/neoergoxeiro.gr\/it\/wp-json\/wp\/v2\/product\/52445\/revisions"}],"predecessor-version":[{"id":62318,"href":"https:\/\/neoergoxeiro.gr\/it\/wp-json\/wp\/v2\/product\/52445\/revisions\/62318"}],"wp:featuredmedia":[{"embeddable":true,"href":"https:\/\/neoergoxeiro.gr\/it\/wp-json\/wp\/v2\/media\/52446"}],"wp:attachment":[{"href":"https:\/\/neoergoxeiro.gr\/it\/wp-json\/wp\/v2\/media?parent=52445"}],"wp:term":[{"taxonomy":"product_brand","embeddable":true,"href":"https:\/\/neoergoxeiro.gr\/it\/wp-json\/wp\/v2\/product_brand?post=52445"},{"taxonomy":"product_cat","embeddable":true,"href":"https:\/\/neoergoxeiro.gr\/it\/wp-json\/wp\/v2\/product_cat?post=52445"},{"taxonomy":"product_tag","embeddable":true,"href":"https:\/\/neoergoxeiro.gr\/it\/wp-json\/wp\/v2\/product_tag?post=52445"}],"curies":[{"name":"wp","href":"https:\/\/api.w.org\/{rel}","templated":true}]}}