{"id":52449,"date":"2024-12-21T11:39:23","date_gmt":"2024-12-21T11:39:23","guid":{"rendered":"https:\/\/neoergoxeiro.gr\/?product=%ce%ba%ce%bb%ce%b5%ce%af%cf%83%ce%b9%ce%bc%ce%bf-%cf%84%cf%83%ce%ac%ce%bd%cf%84%ce%b1%cf%82-linda"},"modified":"2025-10-12T13:38:17","modified_gmt":"2025-10-12T11:38:17","slug":"%ce%ba%ce%bb%ce%b5%ce%af%cf%83%ce%b9%ce%bc%ce%bf-%cf%84%cf%83%ce%ac%ce%bd%cf%84%ce%b1%cf%82-linda","status":"publish","type":"product","link":"https:\/\/neoergoxeiro.gr\/it\/prodotto\/%ce%ba%ce%bb%ce%b5%ce%af%cf%83%ce%b9%ce%bc%ce%bf-%cf%84%cf%83%ce%ac%ce%bd%cf%84%ce%b1%cf%82-linda\/","title":{"rendered":"Chiusura della borsa Linda"},"content":{"rendered":"<p>La chiusura della borsa Linda \u00e8 la soluzione perfetta per mantenere la borsa organizzata e sicura. Realizzata con materiali di alta qualit\u00e0, la chiusura \u00e8 facile da usare e resistente per l'uso quotidiano. Con la chiusura Linda potete rinnovare le vostre vecchie borse o aggiungere un nuovo tocco funzionale alle nuove borse. Aggiornate lo stile e la praticit\u00e0 della vostra borsa con la chiusura Linda e distinguetevi in ogni occasione. Grazie alla facilit\u00e0 di inserimento e rimozione, \u00e8 possibile utilizzarla su molte borse, come borse a tracolla, borse crossbody, pochette e zaini. Acquistate oggi stesso la chiusura Linda e migliorate lo stile e l'organizzazione delle vostre borse con un tocco unico.<\/p>","protected":false},"excerpt":{"rendered":"<p>La chiusura per borse Linda \u00e8 il modo migliore per assicurare la vostra borsa con stile. Facile da usare e resistente, \u00e8 l'accessorio essenziale per ogni borsa. Perfetta per le riparazioni o per le nuove creazioni.<\/p>","protected":false},"featured_media":52450,"template":"","meta":[],"product_brand":[],"product_cat":[106],"product_tag":[],"class_list":{"0":"post-52449","1":"product","2":"type-product","3":"status-publish","4":"has-post-thumbnail","6":"product_cat-aksesouartsantas","8":"first","9":"instock","10":"taxable","11":"shipping-taxable","12":"purchasable","13":"product-type-simple"},"_links":{"self":[{"href":"https:\/\/neoergoxeiro.gr\/it\/wp-json\/wp\/v2\/product\/52449","targetHints":{"allow":["GET"]}}],"collection":[{"href":"https:\/\/neoergoxeiro.gr\/it\/wp-json\/wp\/v2\/product"}],"about":[{"href":"https:\/\/neoergoxeiro.gr\/it\/wp-json\/wp\/v2\/types\/product"}],"version-history":[{"count":1,"href":"https:\/\/neoergoxeiro.gr\/it\/wp-json\/wp\/v2\/product\/52449\/revisions"}],"predecessor-version":[{"id":62320,"href":"https:\/\/neoergoxeiro.gr\/it\/wp-json\/wp\/v2\/product\/52449\/revisions\/62320"}],"wp:featuredmedia":[{"embeddable":true,"href":"https:\/\/neoergoxeiro.gr\/it\/wp-json\/wp\/v2\/media\/52450"}],"wp:attachment":[{"href":"https:\/\/neoergoxeiro.gr\/it\/wp-json\/wp\/v2\/media?parent=52449"}],"wp:term":[{"taxonomy":"product_brand","embeddable":true,"href":"https:\/\/neoergoxeiro.gr\/it\/wp-json\/wp\/v2\/product_brand?post=52449"},{"taxonomy":"product_cat","embeddable":true,"href":"https:\/\/neoergoxeiro.gr\/it\/wp-json\/wp\/v2\/product_cat?post=52449"},{"taxonomy":"product_tag","embeddable":true,"href":"https:\/\/neoergoxeiro.gr\/it\/wp-json\/wp\/v2\/product_tag?post=52449"}],"curies":[{"name":"wp","href":"https:\/\/api.w.org\/{rel}","templated":true}]}}