{"id":52453,"date":"2024-12-21T11:46:03","date_gmt":"2024-12-21T11:46:03","guid":{"rendered":"https:\/\/neoergoxeiro.gr\/?product=%ce%b2%cf%81%cf%8c%cf%87%ce%bf%ce%b9-%ce%bb%ce%b1%ce%b2%ce%ae%cf%82-%cf%84%cf%83%ce%ac%ce%bd%cf%84%ce%b1%cf%82-keiko-%ce%bc%cf%80%ce%b1%ce%bc%cf%80%ce%bf%cf%8d"},"modified":"2025-10-12T13:38:17","modified_gmt":"2025-10-12T11:38:17","slug":"%ce%b2%cf%81%cf%8c%cf%87%ce%bf%ce%b9-%ce%bb%ce%b1%ce%b2%ce%ae%cf%82-%cf%84%cf%83%ce%ac%ce%bd%cf%84%ce%b1%cf%82-keiko-%ce%bc%cf%80%ce%b1%ce%bc%cf%80%ce%bf%cf%8d","status":"publish","type":"product","link":"https:\/\/neoergoxeiro.gr\/it\/prodotto\/%ce%b2%cf%81%cf%8c%cf%87%ce%bf%ce%b9-%ce%bb%ce%b1%ce%b2%ce%ae%cf%82-%cf%84%cf%83%ce%ac%ce%bd%cf%84%ce%b1%cf%82-keiko-%ce%bc%cf%80%ce%b1%ce%bc%cf%80%ce%bf%cf%8d\/","title":{"rendered":"Passanti per il manico della borsa Keiko, bamb\u00f9"},"content":{"rendered":"<p>I passanti per manici delle borse Keiko sono l'accessorio perfetto per qualsiasi borsa. Realizzati in bamb\u00f9 di alta qualit\u00e0, offrono stile e funzionalit\u00e0. La facilit\u00e0 di installazione consente di riempire rapidamente la borsa, mentre la struttura resistente garantisce un uso duraturo. Fate risaltare la vostra borsa con questi passanti alla moda. <\/p>\n<p>**Caratteristiche:**<br \/>\n- Materiale: Bamb\u00f9 di alta qualit\u00e0<br \/>\n- Facilit\u00e0 di installazione e durata d'uso<br \/>\n- Ideale per creazioni individuali<\/p>\n<p>Aggiornate la vostra borsa con i passanti per manici Keiko e godetevi stile e funzionalit\u00e0 ogni giorno!<\/p>","protected":false},"excerpt":{"rendered":"<p>Keiko Bag Handle Loops, Bamboo - Aggiornate la vostra borsa con questi moderni passanti per manici in bamb\u00f9. Facile installazione e struttura resistente per un trasporto confortevole. Perfetti per creazioni individuali e regali.<\/p>","protected":false},"featured_media":52454,"template":"","meta":[],"product_brand":[],"product_cat":[106],"product_tag":[],"class_list":{"0":"post-52453","1":"product","2":"type-product","3":"status-publish","4":"has-post-thumbnail","6":"product_cat-aksesouartsantas","8":"first","9":"instock","10":"taxable","11":"shipping-taxable","12":"purchasable","13":"product-type-simple"},"_links":{"self":[{"href":"https:\/\/neoergoxeiro.gr\/it\/wp-json\/wp\/v2\/product\/52453","targetHints":{"allow":["GET"]}}],"collection":[{"href":"https:\/\/neoergoxeiro.gr\/it\/wp-json\/wp\/v2\/product"}],"about":[{"href":"https:\/\/neoergoxeiro.gr\/it\/wp-json\/wp\/v2\/types\/product"}],"version-history":[{"count":1,"href":"https:\/\/neoergoxeiro.gr\/it\/wp-json\/wp\/v2\/product\/52453\/revisions"}],"predecessor-version":[{"id":62322,"href":"https:\/\/neoergoxeiro.gr\/it\/wp-json\/wp\/v2\/product\/52453\/revisions\/62322"}],"wp:featuredmedia":[{"embeddable":true,"href":"https:\/\/neoergoxeiro.gr\/it\/wp-json\/wp\/v2\/media\/52454"}],"wp:attachment":[{"href":"https:\/\/neoergoxeiro.gr\/it\/wp-json\/wp\/v2\/media?parent=52453"}],"wp:term":[{"taxonomy":"product_brand","embeddable":true,"href":"https:\/\/neoergoxeiro.gr\/it\/wp-json\/wp\/v2\/product_brand?post=52453"},{"taxonomy":"product_cat","embeddable":true,"href":"https:\/\/neoergoxeiro.gr\/it\/wp-json\/wp\/v2\/product_cat?post=52453"},{"taxonomy":"product_tag","embeddable":true,"href":"https:\/\/neoergoxeiro.gr\/it\/wp-json\/wp\/v2\/product_tag?post=52453"}],"curies":[{"name":"wp","href":"https:\/\/api.w.org\/{rel}","templated":true}]}}