{"id":52681,"date":"2025-02-13T11:18:15","date_gmt":"2025-02-13T11:18:15","guid":{"rendered":"https:\/\/neoergoxeiro.gr\/?product=%ce%ba%ce%b1%cf%81%ce%ad-%cf%81%ce%bf%ce%b6%ce%ad%cf%84%ce%b5%cf%82-%ce%b3%ce%ba%cf%81%ce%af-%ce%b4%ce%b1%ce%bd%cf%84%ce%ad%ce%bb%ce%b1-%ce%b3%ce%ba%cf%81%ce%af-4"},"modified":"2025-10-12T14:55:20","modified_gmt":"2025-10-12T12:55:20","slug":"%ce%ba%ce%b1%cf%81%ce%ad-%cf%81%ce%bf%ce%b6%ce%ad%cf%84%ce%b5%cf%82-%ce%b3%ce%ba%cf%81%ce%af-%ce%b4%ce%b1%ce%bd%cf%84%ce%ad%ce%bb%ce%b1-%ce%b3%ce%ba%cf%81%ce%af-4","status":"publish","type":"product","link":"https:\/\/neoergoxeiro.gr\/it\/prodotto\/%ce%ba%ce%b1%cf%81%ce%ad-%cf%81%ce%bf%ce%b6%ce%ad%cf%84%ce%b5%cf%82-%ce%b3%ce%ba%cf%81%ce%af-%ce%b4%ce%b1%ce%bd%cf%84%ce%ad%ce%bb%ce%b1-%ce%b3%ce%ba%cf%81%ce%af-4\/","title":{"rendered":"Telaio di cassa 0,90 * 0,90 m"},"content":{"rendered":"<p>Il banco plaid 0,90*0,90 m \u00e8 l'aggiunta perfetta alla vostra collezione. Realizzato in resistente tessuto di alta qualit\u00e0, questo banco \u00e8 perfetto per il cucito e il ricamo. Con una dimensione di 0,90*0,90 m, offre molto spazio per esporre le vostre idee creative. Rinfrescate il vostro spazio con questo banco moderno e pratico. <\/p>\n<p>**Caratteristiche:**<br \/>\n- Tessuto di alta qualit\u00e0 che dura nel tempo<br \/>\n- Dimensioni: 0,90*0,90 m<br \/>\n- Ideale per il cucito e il ricamo<br \/>\n- Disponibile in una variet\u00e0 di colori e design<\/p>\n<p>Questo banco \u00e8 la scelta perfetta per chi ama il cucito e il ricamo. Con l'acquisto del banco a telaio 0,90*0,90 m, otterrete un prodotto di qualit\u00e0 che vi dar\u00e0 infinite possibilit\u00e0 creative. Rinfrescate il vostro spazio e date sfogo alla vostra immaginazione!<\/p>","protected":false},"excerpt":{"rendered":"<p>Cassa quadrata 0,90*0,90 m - Ideale per il cucito e il ricamo. Rinfrescate il vostro spazio con questo bellissimo bancone. Tessuto di alta qualit\u00e0 che dura nel tempo. Disponibile in vari colori e disegni per scegliere il vostro preferito.<\/p>","protected":false},"featured_media":52682,"template":"","meta":[],"product_brand":[],"product_cat":[168],"product_tag":[],"class_list":{"0":"post-52681","1":"product","2":"type-product","3":"status-publish","4":"has-post-thumbnail","6":"product_cat-metrita-kit-kentimatos","8":"first","9":"instock","10":"taxable","11":"shipping-taxable","12":"purchasable","13":"product-type-simple"},"_links":{"self":[{"href":"https:\/\/neoergoxeiro.gr\/it\/wp-json\/wp\/v2\/product\/52681","targetHints":{"allow":["GET"]}}],"collection":[{"href":"https:\/\/neoergoxeiro.gr\/it\/wp-json\/wp\/v2\/product"}],"about":[{"href":"https:\/\/neoergoxeiro.gr\/it\/wp-json\/wp\/v2\/types\/product"}],"version-history":[{"count":3,"href":"https:\/\/neoergoxeiro.gr\/it\/wp-json\/wp\/v2\/product\/52681\/revisions"}],"predecessor-version":[{"id":62496,"href":"https:\/\/neoergoxeiro.gr\/it\/wp-json\/wp\/v2\/product\/52681\/revisions\/62496"}],"wp:featuredmedia":[{"embeddable":true,"href":"https:\/\/neoergoxeiro.gr\/it\/wp-json\/wp\/v2\/media\/52682"}],"wp:attachment":[{"href":"https:\/\/neoergoxeiro.gr\/it\/wp-json\/wp\/v2\/media?parent=52681"}],"wp:term":[{"taxonomy":"product_brand","embeddable":true,"href":"https:\/\/neoergoxeiro.gr\/it\/wp-json\/wp\/v2\/product_brand?post=52681"},{"taxonomy":"product_cat","embeddable":true,"href":"https:\/\/neoergoxeiro.gr\/it\/wp-json\/wp\/v2\/product_cat?post=52681"},{"taxonomy":"product_tag","embeddable":true,"href":"https:\/\/neoergoxeiro.gr\/it\/wp-json\/wp\/v2\/product_tag?post=52681"}],"curies":[{"name":"wp","href":"https:\/\/api.w.org\/{rel}","templated":true}]}}