{"id":52697,"date":"2025-02-13T11:32:46","date_gmt":"2025-02-13T11:32:46","guid":{"rendered":"https:\/\/neoergoxeiro.gr\/?product=%ce%ba%ce%b1%cf%81%ce%ad-%cf%81%ce%bf%ce%b6%ce%ad%cf%84%ce%b5%cf%82-%ce%b3%ce%ba%cf%81%ce%af-%ce%b4%ce%b1%ce%bd%cf%84%ce%ad%ce%bb%ce%b1-%ce%b3%ce%ba%cf%81%ce%af-12"},"modified":"2025-10-12T14:55:19","modified_gmt":"2025-10-12T12:55:19","slug":"%ce%ba%ce%b1%cf%81%ce%ad-%cf%81%ce%bf%ce%b6%ce%ad%cf%84%ce%b5%cf%82-%ce%b3%ce%ba%cf%81%ce%af-%ce%b4%ce%b1%ce%bd%cf%84%ce%ad%ce%bb%ce%b1-%ce%b3%ce%ba%cf%81%ce%af-12","status":"publish","type":"product","link":"https:\/\/neoergoxeiro.gr\/it\/prodotto\/%ce%ba%ce%b1%cf%81%ce%ad-%cf%81%ce%bf%ce%b6%ce%ad%cf%84%ce%b5%cf%82-%ce%b3%ce%ba%cf%81%ce%af-%ce%b4%ce%b1%ce%bd%cf%84%ce%ad%ce%bb%ce%b1-%ce%b3%ce%ba%cf%81%ce%af-12\/","title":{"rendered":"Metro quadrato 1,10 *1,10 m"},"content":{"rendered":"<p>Il banco quadrato da 1,10 x 1,10 metri \u00e8 la scelta ideale per ogni amante del cucito e del ricamo. Realizzato con materiali di alta qualit\u00e0, questo telaio \u00e8 resistente e facile da usare. Utilizzatelo per creare ricami unici o per aggiungere un tocco decorativo ai vostri abiti e tessuti. Rinfrescate il vostro spazio con stile e originalit\u00e0 utilizzando questo controtelaio. Offre flessibilit\u00e0 e praticit\u00e0 alle vostre creazioni e valorizza il vostro spazio. Acquistatelo e scoprite un nuovo mondo di creativit\u00e0 e artigianalit\u00e0.<\/p>","protected":false},"excerpt":{"rendered":"<p>1,10 *1,10 m - Ideale per il cucito e il ricamo. Realizzato con materiali di alta qualit\u00e0. Decorate il vostro spazio con stile e originalit\u00e0.<\/p>","protected":false},"featured_media":52698,"template":"","meta":[],"product_brand":[],"product_cat":[168],"product_tag":[],"class_list":{"0":"post-52697","1":"product","2":"type-product","3":"status-publish","4":"has-post-thumbnail","6":"product_cat-metrita-kit-kentimatos","8":"first","9":"instock","10":"taxable","11":"shipping-taxable","12":"purchasable","13":"product-type-simple"},"_links":{"self":[{"href":"https:\/\/neoergoxeiro.gr\/it\/wp-json\/wp\/v2\/product\/52697","targetHints":{"allow":["GET"]}}],"collection":[{"href":"https:\/\/neoergoxeiro.gr\/it\/wp-json\/wp\/v2\/product"}],"about":[{"href":"https:\/\/neoergoxeiro.gr\/it\/wp-json\/wp\/v2\/types\/product"}],"version-history":[{"count":1,"href":"https:\/\/neoergoxeiro.gr\/it\/wp-json\/wp\/v2\/product\/52697\/revisions"}],"predecessor-version":[{"id":62494,"href":"https:\/\/neoergoxeiro.gr\/it\/wp-json\/wp\/v2\/product\/52697\/revisions\/62494"}],"wp:featuredmedia":[{"embeddable":true,"href":"https:\/\/neoergoxeiro.gr\/it\/wp-json\/wp\/v2\/media\/52698"}],"wp:attachment":[{"href":"https:\/\/neoergoxeiro.gr\/it\/wp-json\/wp\/v2\/media?parent=52697"}],"wp:term":[{"taxonomy":"product_brand","embeddable":true,"href":"https:\/\/neoergoxeiro.gr\/it\/wp-json\/wp\/v2\/product_brand?post=52697"},{"taxonomy":"product_cat","embeddable":true,"href":"https:\/\/neoergoxeiro.gr\/it\/wp-json\/wp\/v2\/product_cat?post=52697"},{"taxonomy":"product_tag","embeddable":true,"href":"https:\/\/neoergoxeiro.gr\/it\/wp-json\/wp\/v2\/product_tag?post=52697"}],"curies":[{"name":"wp","href":"https:\/\/api.w.org\/{rel}","templated":true}]}}