{"id":52702,"date":"2025-02-21T11:50:24","date_gmt":"2025-02-21T11:50:24","guid":{"rendered":"https:\/\/neoergoxeiro.gr\/?product=%ce%ba%ce%ad%ce%bd%cf%84%ce%b7%ce%bc%ce%b1-pero-%ce%b1%ce%bd%cf%84%ce%b9%ce%b3%cf%81%ce%b1%cf%86%ce%ae-3"},"modified":"2025-11-11T10:17:56","modified_gmt":"2025-11-11T08:17:56","slug":"%ce%ba%ce%ad%ce%bd%cf%84%ce%b7%ce%bc%ce%b1-pero-%ce%b1%ce%bd%cf%84%ce%b9%ce%b3%cf%81%ce%b1%cf%86%ce%ae-3","status":"publish","type":"product","link":"https:\/\/neoergoxeiro.gr\/it\/prodotto\/%ce%ba%ce%ad%ce%bd%cf%84%ce%b7%ce%bc%ce%b1-pero-%ce%b1%ce%bd%cf%84%ce%b9%ce%b3%cf%81%ce%b1%cf%86%ce%ae-3\/","title":{"rendered":"Ricamo Pero"},"content":{"rendered":"<p>Timbrato <strong>Pero\u00a0<\/strong><\/p>\n<p>Il ricamo \u00e8 cucito su un tessuto - tessuto ecru oro (40 occhi a 10 cm).<\/p>\n<p>Il disegno \u00e8 stampato sulla parte superiore del punto con il colore, il che rende molto facile il ricamo, perch\u00e9 si sa esattamente dove ogni colore sar\u00e0 posizionato.<\/p>\n<p>Si pu\u00f2 ricamare con Mouline Dmc art 117 o con Cotton Perle Dmc art 115.<\/p>\n<p>Ricamo - istruzioni di lavaggio:<\/p>\n<p>Dopo aver ricamato il nostro manufatto, lo laviamo sotto l'acqua corrente fredda, come in questo caso:<\/p>\n<ol>\n<li>Per rimuovere le tracce di colore che le vernici dure di solito lasciano (bordeaux - blu scuro - nero)<\/li>\n<li>Poi si passano eventuali pizzi - trecce - chiffon - chiffoni - chiffoni, che devono essere anch'essi lavati prima della doratura.<\/li>\n<\/ol>","protected":false},"excerpt":{"rendered":"<p>Il set completo di filo comprende 20 pezzi di Mouline al prezzo di (0,80 al pezzo).<\/p>\n<p>Preferire la confezione con tutti i fili in modo che tutti i colori provengano dallo stesso lotto per evitare alterazioni dovute ai lotti di tintura.<\/p>","protected":false},"featured_media":33194,"template":"","meta":[],"product_brand":[],"product_cat":[150],"product_tag":[],"class_list":{"0":"post-52702","1":"product","2":"type-product","3":"status-publish","4":"has-post-thumbnail","6":"product_cat-pero-kentimata","7":"pa_-71","8":"pa_-72","10":"first","11":"instock","12":"taxable","13":"shipping-taxable","14":"purchasable","15":"product-type-variable"},"_links":{"self":[{"href":"https:\/\/neoergoxeiro.gr\/it\/wp-json\/wp\/v2\/product\/52702","targetHints":{"allow":["GET"]}}],"collection":[{"href":"https:\/\/neoergoxeiro.gr\/it\/wp-json\/wp\/v2\/product"}],"about":[{"href":"https:\/\/neoergoxeiro.gr\/it\/wp-json\/wp\/v2\/types\/product"}],"version-history":[{"count":1,"href":"https:\/\/neoergoxeiro.gr\/it\/wp-json\/wp\/v2\/product\/52702\/revisions"}],"predecessor-version":[{"id":67241,"href":"https:\/\/neoergoxeiro.gr\/it\/wp-json\/wp\/v2\/product\/52702\/revisions\/67241"}],"wp:featuredmedia":[{"embeddable":true,"href":"https:\/\/neoergoxeiro.gr\/it\/wp-json\/wp\/v2\/media\/33194"}],"wp:attachment":[{"href":"https:\/\/neoergoxeiro.gr\/it\/wp-json\/wp\/v2\/media?parent=52702"}],"wp:term":[{"taxonomy":"product_brand","embeddable":true,"href":"https:\/\/neoergoxeiro.gr\/it\/wp-json\/wp\/v2\/product_brand?post=52702"},{"taxonomy":"product_cat","embeddable":true,"href":"https:\/\/neoergoxeiro.gr\/it\/wp-json\/wp\/v2\/product_cat?post=52702"},{"taxonomy":"product_tag","embeddable":true,"href":"https:\/\/neoergoxeiro.gr\/it\/wp-json\/wp\/v2\/product_tag?post=52702"}],"curies":[{"name":"wp","href":"https:\/\/api.w.org\/{rel}","templated":true}]}}