{"id":52719,"date":"2025-02-22T11:29:30","date_gmt":"2025-02-22T11:29:30","guid":{"rendered":"https:\/\/neoergoxeiro.gr\/?product=%cf%80%cf%8c%ce%bd%cf%84%cf%83%ce%b1-%ce%b3%ce%ba%cf%81%ce%af-%cf%87%cf%81%cf%85%cf%83%cf%8c-%ce%b1%ce%bd%cf%84%ce%b9%ce%b3%cf%81%ce%b1%cf%86%ce%ae"},"modified":"2025-10-13T21:30:41","modified_gmt":"2025-10-13T19:30:41","slug":"%cf%80%cf%8c%ce%bd%cf%84%cf%83%ce%b1-%ce%b3%ce%ba%cf%81%ce%af-%cf%87%cf%81%cf%85%cf%83%cf%8c-%ce%b1%ce%bd%cf%84%ce%b9%ce%b3%cf%81%ce%b1%cf%86%ce%ae","status":"publish","type":"product","link":"https:\/\/neoergoxeiro.gr\/it\/prodotto\/%cf%80%cf%8c%ce%bd%cf%84%cf%83%ce%b1-%ce%b3%ce%ba%cf%81%ce%af-%cf%87%cf%81%cf%85%cf%83%cf%8c-%ce%b1%ce%bd%cf%84%ce%b9%ce%b3%cf%81%ce%b1%cf%86%ce%ae\/","title":{"rendered":"Poncha ecru oro"},"content":{"rendered":"<p>Il poncho ecr\u00f9 oro \u00e8 l'aggiunta perfetta per ogni amante del ricamo. Con un design unico che emana lusso, questo poncho aggiunger\u00e0 lucentezza e stile ai vostri abiti e accessori. Realizzato con materiali di alta qualit\u00e0, il poncho offre comfort e durata. Utilizzatelo per creare ricami unici su abiti, asciugamani, cuscini e altri progetti creativi. Scoprite il mondo del cucito fatto a mano con il poncho Ecru Gold e aggiungete brillantezza a ogni vostra creazione.<\/p>","protected":false},"excerpt":{"rendered":"<p>Il poncho ecr\u00f9 oro \u00e8 ideale per aggiungere brillantezza ai vostri ricami. Design unico con un ricco colore oro che risalta. Aggiornate i vostri abiti e accessori con questo poncho di alta qualit\u00e0.<\/p>","protected":false},"featured_media":52720,"template":"","meta":[],"product_brand":[],"product_cat":[88],"product_tag":[],"class_list":{"0":"post-52719","1":"product","2":"type-product","3":"status-publish","4":"has-post-thumbnail","6":"product_cat-yfasmata-knetimatos","8":"first","9":"instock","10":"taxable","11":"shipping-taxable","12":"purchasable","13":"product-type-simple"},"_links":{"self":[{"href":"https:\/\/neoergoxeiro.gr\/it\/wp-json\/wp\/v2\/product\/52719","targetHints":{"allow":["GET"]}}],"collection":[{"href":"https:\/\/neoergoxeiro.gr\/it\/wp-json\/wp\/v2\/product"}],"about":[{"href":"https:\/\/neoergoxeiro.gr\/it\/wp-json\/wp\/v2\/types\/product"}],"version-history":[{"count":1,"href":"https:\/\/neoergoxeiro.gr\/it\/wp-json\/wp\/v2\/product\/52719\/revisions"}],"predecessor-version":[{"id":62507,"href":"https:\/\/neoergoxeiro.gr\/it\/wp-json\/wp\/v2\/product\/52719\/revisions\/62507"}],"wp:featuredmedia":[{"embeddable":true,"href":"https:\/\/neoergoxeiro.gr\/it\/wp-json\/wp\/v2\/media\/52720"}],"wp:attachment":[{"href":"https:\/\/neoergoxeiro.gr\/it\/wp-json\/wp\/v2\/media?parent=52719"}],"wp:term":[{"taxonomy":"product_brand","embeddable":true,"href":"https:\/\/neoergoxeiro.gr\/it\/wp-json\/wp\/v2\/product_brand?post=52719"},{"taxonomy":"product_cat","embeddable":true,"href":"https:\/\/neoergoxeiro.gr\/it\/wp-json\/wp\/v2\/product_cat?post=52719"},{"taxonomy":"product_tag","embeddable":true,"href":"https:\/\/neoergoxeiro.gr\/it\/wp-json\/wp\/v2\/product_tag?post=52719"}],"curies":[{"name":"wp","href":"https:\/\/api.w.org\/{rel}","templated":true}]}}