{"id":52735,"date":"2025-02-25T11:06:45","date_gmt":"2025-02-25T11:06:45","guid":{"rendered":"https:\/\/neoergoxeiro.gr\/?product=%cf%84%cf%81%ce%b1%cf%80%ce%b5%ce%b6%ce%bf%ce%ba%ce%b1%cf%81%ce%ad-pero-1-20-1-20-m"},"modified":"2025-11-11T10:17:56","modified_gmt":"2025-11-11T08:17:56","slug":"%cf%84%cf%81%ce%b1%cf%80%ce%b5%ce%b6%ce%bf%ce%ba%ce%b1%cf%81%ce%ad-pero-1-20-1-20-m","status":"publish","type":"product","link":"https:\/\/neoergoxeiro.gr\/it\/prodotto\/%cf%84%cf%81%ce%b1%cf%80%ce%b5%ce%b6%ce%bf%ce%ba%ce%b1%cf%81%ce%ad-pero-1-20-1-20-m\/","title":{"rendered":"Telaio da tavolo Pero 1,20 * 1,20 m"},"content":{"rendered":"<p>Il telaio da tavolo Pero di 1,20 x 1,20 m \u00e8 la tela ideale per il cucito e il ricamo. Il disegno stampato su tessuto ecru oro offre facilit\u00e0 di ricamo, mentre le istruzioni di lavaggio garantiscono la durata del lavoro. Con la possibilit\u00e0 di utilizzare fili Mouline Dmc o Cotton Perle Dmc, \u00e8 possibile creare progetti unici fatti a mano. Seguendo le istruzioni di lavaggio, \u00e8 possibile pulire facilmente i colori e stabilizzare i fili. Rinfrescate il vostro spazio da pranzo con un'esclusiva cornice da tavolo ricamata Pero.<\/p>","protected":false},"excerpt":{"rendered":"<p>Il telaio da tavolo Pero di 1,20 x 1,20 m \u00e8 ideale per il ricamo su tessuto ecru oro. \u00c8 facile creare ricami unici seguendo lo schema di ricamo e utilizzando i filati Mouline Dmc o Cotton Perle Dmc.<\/p>","protected":false},"featured_media":52736,"template":"","meta":[],"product_brand":[],"product_cat":[150],"product_tag":[],"class_list":{"0":"post-52735","1":"product","2":"type-product","3":"status-publish","4":"has-post-thumbnail","6":"product_cat-pero-kentimata","8":"first","9":"instock","10":"taxable","11":"shipping-taxable","12":"purchasable","13":"product-type-variable"},"_links":{"self":[{"href":"https:\/\/neoergoxeiro.gr\/it\/wp-json\/wp\/v2\/product\/52735","targetHints":{"allow":["GET"]}}],"collection":[{"href":"https:\/\/neoergoxeiro.gr\/it\/wp-json\/wp\/v2\/product"}],"about":[{"href":"https:\/\/neoergoxeiro.gr\/it\/wp-json\/wp\/v2\/types\/product"}],"version-history":[{"count":3,"href":"https:\/\/neoergoxeiro.gr\/it\/wp-json\/wp\/v2\/product\/52735\/revisions"}],"predecessor-version":[{"id":62520,"href":"https:\/\/neoergoxeiro.gr\/it\/wp-json\/wp\/v2\/product\/52735\/revisions\/62520"}],"wp:featuredmedia":[{"embeddable":true,"href":"https:\/\/neoergoxeiro.gr\/it\/wp-json\/wp\/v2\/media\/52736"}],"wp:attachment":[{"href":"https:\/\/neoergoxeiro.gr\/it\/wp-json\/wp\/v2\/media?parent=52735"}],"wp:term":[{"taxonomy":"product_brand","embeddable":true,"href":"https:\/\/neoergoxeiro.gr\/it\/wp-json\/wp\/v2\/product_brand?post=52735"},{"taxonomy":"product_cat","embeddable":true,"href":"https:\/\/neoergoxeiro.gr\/it\/wp-json\/wp\/v2\/product_cat?post=52735"},{"taxonomy":"product_tag","embeddable":true,"href":"https:\/\/neoergoxeiro.gr\/it\/wp-json\/wp\/v2\/product_tag?post=52735"}],"curies":[{"name":"wp","href":"https:\/\/api.w.org\/{rel}","templated":true}]}}