{"id":75300,"date":"2026-04-22T14:56:29","date_gmt":"2026-04-22T12:56:29","guid":{"rendered":"https:\/\/neoergoxeiro.gr\/?post_type=product&#038;p=75300"},"modified":"2026-04-22T14:58:28","modified_gmt":"2026-04-22T12:58:28","slug":"t-shirt-yarn-pink-glitter-maccheroni","status":"publish","type":"product","link":"https:\/\/neoergoxeiro.gr\/it\/prodotto\/t-shirt-yarn-pink-glitter-maccheroni\/","title":{"rendered":"T-Shirt Yarn &#8211; Pink Glitter (Maccheroni)"},"content":{"rendered":"<p data-start=\"551\" data-end=\"832\">Il <strong data-start=\"554\" data-end=\"597\">T-Shirt Filato Maccheroni di Grande Yarn<\/strong> \u00e8 il filato definitivo per creazioni artigianali di grande effetto. Realizzato in <strong data-start=\"679\" data-end=\"713\">Cotone 90% e poliestere 10%<\/strong>, offre un'eccellente durata, una consistenza naturale e un carattere ecologico, poich\u00e9 \u00e8 realizzato con tessuti di magliette riciclate.<\/p>\n<p data-start=\"834\" data-end=\"1067\">Ogni pallina (650-750 g) \u00e8 ideale per la costruzione di <strong data-start=\"902\" data-end=\"929\">borsa di piccole dimensioni<\/strong>, mentre \u00e8 possibile creare bellissimi <strong data-start=\"970\" data-end=\"1013\">cestini, astucci, sottobicchieri e ornamenti<\/strong> con una presa salda e un risultato pulito.<\/p>\n<h3 data-start=\"1288\" data-end=\"1326\"><strong data-start=\"1292\" data-end=\"1326\">Caratteristiche e vantaggi<\/strong><\/h3>\n<ul data-start=\"1327\" data-end=\"1684\">\n<li data-start=\"1327\" data-end=\"1366\">\n<p data-start=\"1329\" data-end=\"1366\">\u2b50 <strong data-start=\"1331\" data-end=\"1364\">90% cotone - 10% poliestere<\/strong><\/p>\n<\/li>\n<li data-start=\"1367\" data-end=\"1434\">\n<p data-start=\"1369\" data-end=\"1434\">\u267b\ufe0f Rispettoso dell'ambiente: maglietta in tessuto riciclato<\/p>\n<\/li>\n<li data-start=\"1435\" data-end=\"1495\">\n<p data-start=\"1437\" data-end=\"1495\">\ud83d\udc5c Ideale per borse, cestini e oggetti pratici<\/p>\n<\/li>\n<li data-start=\"1496\" data-end=\"1535\">\n<p data-start=\"1498\" data-end=\"1535\">\ud83c\udfa8 Ogni tonalit\u00e0 con un codice unico<\/p>\n<\/li>\n<li data-start=\"1536\" data-end=\"1587\">\n<p data-start=\"1538\" data-end=\"1587\">\ud83d\udcf8 Foto reali di ogni nuovo lotto<\/p>\n<\/li>\n<li data-start=\"1588\" data-end=\"1629\">\n<p data-start=\"1590\" data-end=\"1629\">\ud83e\uddf5 Uncinetto suggerito: <strong data-start=\"1616\" data-end=\"1627\">No. 8-12<\/strong><\/p>\n<\/li>\n<li data-start=\"1657\" data-end=\"1684\">\n<p data-start=\"1659\" data-end=\"1684\">\u2696\ufe0f Peso: <strong data-start=\"1669\" data-end=\"1682\">650-750g<\/strong><\/p>\n<\/li>\n<\/ul>\n<h3 data-start=\"1686\" data-end=\"1714\"><strong data-start=\"1690\" data-end=\"1712\">Nota importante<\/strong><\/h3>\n<p data-start=\"1715\" data-end=\"1868\">Scegliere la quantit\u00e0 necessaria fin dall'inizio: i lotti possono variare leggermente e non sempre \u00e8 disponibile la stessa consistenza e tonalit\u00e0.<\/p>","protected":false},"excerpt":{"rendered":"<p>Il tipo di filato per magliette <em data-start=\"231\" data-end=\"243\">Maccheroni<\/em> di Grande Yarn \u00e8 un filato di cotone ad alta tenacit\u00e0, ideale per borse, cesti e creazioni decorative. Realizzato in cotone 90% e poliestere 10%, con un peso di 650-750g.<\/p>","protected":false},"featured_media":75303,"template":"","meta":[],"product_brand":[],"product_cat":[196,199],"product_tag":[198,210],"class_list":{"0":"post-75300","1":"product","2":"type-product","3":"status-publish","4":"has-post-thumbnail","6":"product_cat-grandeyarn-maccheroni","7":"product_cat-grandeyarn-maccheroni-nimata-tsantas","8":"product_tag-maccheroni","9":"product_tag-noodles","11":"first","12":"instock","13":"taxable","14":"shipping-taxable","15":"purchasable","16":"product-type-simple"},"_links":{"self":[{"href":"https:\/\/neoergoxeiro.gr\/it\/wp-json\/wp\/v2\/product\/75300","targetHints":{"allow":["GET"]}}],"collection":[{"href":"https:\/\/neoergoxeiro.gr\/it\/wp-json\/wp\/v2\/product"}],"about":[{"href":"https:\/\/neoergoxeiro.gr\/it\/wp-json\/wp\/v2\/types\/product"}],"version-history":[{"count":1,"href":"https:\/\/neoergoxeiro.gr\/it\/wp-json\/wp\/v2\/product\/75300\/revisions"}],"predecessor-version":[{"id":75304,"href":"https:\/\/neoergoxeiro.gr\/it\/wp-json\/wp\/v2\/product\/75300\/revisions\/75304"}],"wp:featuredmedia":[{"embeddable":true,"href":"https:\/\/neoergoxeiro.gr\/it\/wp-json\/wp\/v2\/media\/75303"}],"wp:attachment":[{"href":"https:\/\/neoergoxeiro.gr\/it\/wp-json\/wp\/v2\/media?parent=75300"}],"wp:term":[{"taxonomy":"product_brand","embeddable":true,"href":"https:\/\/neoergoxeiro.gr\/it\/wp-json\/wp\/v2\/product_brand?post=75300"},{"taxonomy":"product_cat","embeddable":true,"href":"https:\/\/neoergoxeiro.gr\/it\/wp-json\/wp\/v2\/product_cat?post=75300"},{"taxonomy":"product_tag","embeddable":true,"href":"https:\/\/neoergoxeiro.gr\/it\/wp-json\/wp\/v2\/product_tag?post=75300"}],"curies":[{"name":"wp","href":"https:\/\/api.w.org\/{rel}","templated":true}]}}